{"id":526,"date":"2020-12-17T22:33:41","date_gmt":"2020-12-17T22:33:41","guid":{"rendered":"http:\/\/e-tech-academy.com\/aplicar-cursos\/"},"modified":"2021-02-14T18:05:59","modified_gmt":"2021-02-14T18:05:59","slug":"aplicar-cursos","status":"publish","type":"page","link":"https:\/\/e-tech-academy.com\/en\/aplicar-cursos\/","title":{"rendered":"Apply to the courses"},"content":{"rendered":"\n<h1>\n\t\tContact us\n\t<\/h1>\n\t\n<p>+34 637 752 373<\/p>\n\tBasic information about data protection<br \/>\n<strong>Responsible<\/strong> E-TECH ACADEMY SL.<br \/>\n<strong>Purpose<\/strong> Answer queries.<br \/>\n<strong>Legitimation<\/strong> Your consent.<br \/>\n<strong>Recipients<\/strong> E-TECH ACADEMY SL.<br \/>\n<strong>Rights<\/strong> Access, rectify and delete the data.<br \/>\n<strong>Additional Information<\/strong> You can view the detailed information in the Privacy Policy.\n\t<iframe loading=\"lazy\" src=\"https:\/\/www.google.com\/maps\/embed?pb=!1m18!1m12!1m3!1d3206.8114711779076!2d-4.887394184718236!3d36.51041278000916!2m3!1f0!2f0!3f0!3m2!1i1024!2i768!4f13.1!3m3!1m2!1s0xd72d8079abaee8d%3A0xbcb85ae363a91ee3!2sPlaza%20de%20los%20Naranjos%2C%203%2C%2029601%20Marbella%2C%20M%C3%A1laga!5e0!3m2!1ses!2ses!4v1609793684462!5m2!1ses!2ses\" width=\"600\" height=\"450\" frameborder=\"0\" allowfullscreen=\"\"><\/iframe>\n<h2>\n\t\tLocation\n\t<\/h2>\n\t\nPlaza de los Naranjos 3<br \/>\n29601 Marbella (M\u00e1laga)\n<p>Espa\u00f1a<\/p>\n\t\t\t<a href=\"https:\/\/goo.gl\/maps\/xAagNycqYXh2ZRYK7\" target=\"_self\" role=\"button\" rel=\"noopener\">\n\t\t\t\t\t\t\tObt\u00e9n la direcci\u00f3n en Google Maps\n\t\t\t<\/a>\n<h2>\n\t\tWhere are we?\n\t<\/h2>\n\n","protected":false},"excerpt":{"rendered":"<p>Contact us +34 637 752 373 Basic information about data protection Responsible E-TECH ACADEMY SL. Purpose Answer queries. Legitimation Your consent. Recipients E-TECH ACADEMY SL. Rights Access, rectify and delete the data. Additional Information You can view the detailed information in the Privacy Policy. Location Plaza de los Naranjos 3 29601 Marbella (M\u00e1laga) Espa\u00f1a Obt\u00e9n&hellip;<\/p>\n","protected":false},"author":1,"featured_media":0,"parent":0,"menu_order":0,"comment_status":"closed","ping_status":"closed","template":"","meta":{"footnotes":""},"class_list":["post-526","page","type-page","status-publish","hentry"],"yoast_head":"<!-- This site is optimized with the Yoast SEO Premium plugin v15.4 - https:\/\/yoast.com\/wordpress\/plugins\/seo\/ -->\n<title>Apply to the courses - E-Tech Academy<\/title>\n<meta name=\"robots\" content=\"index, follow, max-snippet:-1, max-image-preview:large, max-video-preview:-1\" \/>\n<link rel=\"canonical\" href=\"https:\/\/e-tech-academy.com\/en\/aplicar-cursos\/\" \/>\n<meta property=\"og:locale\" content=\"en_US\" \/>\n<meta property=\"og:type\" content=\"article\" \/>\n<meta property=\"og:title\" content=\"Apply to the courses - E-Tech Academy\" \/>\n<meta property=\"og:description\" content=\"Contact us +34 637 752 373 Basic information about data protection Responsible E-TECH ACADEMY SL. Purpose Answer queries. Legitimation Your consent. Recipients E-TECH ACADEMY SL. Rights Access, rectify and delete the data. Additional Information You can view the detailed information in the Privacy Policy. Location Plaza de los Naranjos 3 29601 Marbella (M\u00e1laga) Espa\u00f1a Obt\u00e9n&hellip;\" \/>\n<meta property=\"og:url\" content=\"https:\/\/e-tech-academy.com\/en\/aplicar-cursos\/\" \/>\n<meta property=\"og:site_name\" content=\"E-Tech Academy\" \/>\n<meta property=\"article:modified_time\" content=\"2021-02-14T18:05:59+00:00\" \/>\n<meta name=\"twitter:card\" content=\"summary_large_image\" \/>\n<meta name=\"twitter:label1\" content=\"Written by\">\n\t<meta name=\"twitter:data1\" content=\"RamJuan\">\n\t<meta name=\"twitter:label2\" content=\"Est. reading time\">\n\t<meta name=\"twitter:data2\" content=\"0 minutes\">\n<script type=\"application\/ld+json\" class=\"yoast-schema-graph\">{\"@context\":\"https:\/\/schema.org\",\"@graph\":[{\"@type\":\"WebSite\",\"@id\":\"https:\/\/e-tech-academy.com\/#website\",\"url\":\"https:\/\/e-tech-academy.com\/\",\"name\":\"E-Tech Academy\",\"description\":\"Otro sitio realizado con WordPress\",\"potentialAction\":[{\"@type\":\"SearchAction\",\"target\":\"https:\/\/e-tech-academy.com\/?s={search_term_string}\",\"query-input\":\"required name=search_term_string\"}],\"inLanguage\":\"en-US\"},{\"@type\":\"WebPage\",\"@id\":\"https:\/\/e-tech-academy.com\/en\/aplicar-cursos\/#webpage\",\"url\":\"https:\/\/e-tech-academy.com\/en\/aplicar-cursos\/\",\"name\":\"Apply to the courses - E-Tech Academy\",\"isPartOf\":{\"@id\":\"https:\/\/e-tech-academy.com\/#website\"},\"datePublished\":\"2020-12-17T22:33:41+00:00\",\"dateModified\":\"2021-02-14T18:05:59+00:00\",\"inLanguage\":\"en-US\",\"potentialAction\":[{\"@type\":\"ReadAction\",\"target\":[\"https:\/\/e-tech-academy.com\/en\/aplicar-cursos\/\"]}]}]}<\/script>\n<!-- \/ Yoast SEO Premium plugin. -->","_links":{"self":[{"href":"https:\/\/e-tech-academy.com\/en\/wp-json\/wp\/v2\/pages\/526\/"}],"collection":[{"href":"https:\/\/e-tech-academy.com\/en\/wp-json\/wp\/v2\/pages\/"}],"about":[{"href":"https:\/\/e-tech-academy.com\/en\/wp-json\/wp\/v2\/types\/page\/"}],"author":[{"embeddable":true,"href":"https:\/\/e-tech-academy.com\/en\/wp-json\/wp\/v2\/users\/1\/"}],"replies":[{"embeddable":true,"href":"https:\/\/e-tech-academy.com\/en\/wp-json\/wp\/v2\/comments\/?post=526"}],"version-history":[{"count":5,"href":"https:\/\/e-tech-academy.com\/en\/wp-json\/wp\/v2\/pages\/526\/revisions\/"}],"predecessor-version":[{"id":596,"href":"https:\/\/e-tech-academy.com\/en\/wp-json\/wp\/v2\/pages\/526\/revisions\/596\/"}],"wp:attachment":[{"href":"https:\/\/e-tech-academy.com\/en\/wp-json\/wp\/v2\/media\/?parent=526"}],"curies":[{"name":"wp","href":"https:\/\/api.w.org\/{rel}","templated":true}]}}